{"id":2,"date":"2022-04-22T09:18:11","date_gmt":"2022-04-22T09:18:11","guid":{"rendered":"http:\/\/argafish.com\/?page_id=2"},"modified":"2025-10-02T16:33:31","modified_gmt":"2025-10-02T16:33:31","slug":"aviso-legal","status":"publish","type":"page","link":"https:\/\/argafish.com\/en\/aviso-legal","title":{"rendered":"Aviso legal"},"content":{"rendered":"<p>[et_pb_section fb_built=\u00bb1&#8243; _builder_version=\u00bb4.17.2&#8243; background_color=\u00bb#003366&#8243; collapsed=\u00bboff\u00bb global_colors_info=\u00bb{}\u00bb][et_pb_row _builder_version=\u00bb4.17.2&#8243; background_size=\u00bbinitial\u00bb background_position=\u00bbtop_left\u00bb background_repeat=\u00bbrepeat\u00bb custom_padding=\u00bb3px||||false|false\u00bb global_colors_info=\u00bb{}\u00bb][et_pb_column type=\u00bb4_4&#8243; _builder_version=\u00bb4.16&#8243; custom_padding=\u00bb|||\u00bb global_colors_info=\u00bb{}\u00bb custom_padding__hover=\u00bb|||\u00bb][et_pb_text _builder_version=\u00bb4.17.2&#8243; _module_preset=\u00bbdefault\u00bb text_text_color=\u00bb#FED16D\u00bb text_font_size=\u00bb24px\u00bb global_colors_info=\u00bb{}\u00bb]<\/p>\n<header class=\"text-center\">\n<p><span class=\"blanc-space ng-binding\">www.argafish.com<\/span><\/p>\n<\/header>\n<p>[\/et_pb_text][et_pb_text _builder_version=\u00bb4.17.2&#8243; _module_preset=\u00bbdefault\u00bb global_colors_info=\u00bb{}\u00bb]<\/p>\n<header class=\"text-center\">\n<h3><span style=\"font-size: 16px;\">I. INFORMACI\u00d3N GENERAL<\/span><\/h3>\n<\/header>\n<div>\n<p><span style=\"color: #ffffff;\">En cumplimiento con el deber de informaci\u00f3n dispuesto en la Ley 34\/2002 de Servicios de la Sociedad de la Informaci\u00f3n y el Comercio Electr\u00f3nico (LSSI-CE) de 11 de julio, se facilitan a continuaci\u00f3n los siguientes datos de informaci\u00f3n general de este sitio web:<\/span><\/p>\n<p ng-show=\"data.claseTitular == 'persona'\"><span style=\"color: #ffffff;\">La titularidad de este sitio web,\u00a0<span class=\"blanc-space ng-binding\">www.argafish.com<\/span>, (en adelante, Sitio Web) la ostenta:\u00a0<span class=\"blanc-space ng-binding\">Argafish S.L.<\/span>, con NIF:\u00a0<span class=\"blanc-space ng-binding\">B27831593<\/span>, y cuyos datos de contacto son:<\/span><\/p>\n<p><span style=\"color: #ffffff;\">Direcci\u00f3n: C\/ Marqu\u00e9s de Valladares 14, Piso 1\u00ba, Of. 5 36201 Vigo &#8211; Pontevedra &#8211; Espa\u00f1a<\/span><\/p>\n<p><span style=\"color: #ffffff;\">Tel\u00e9fono de contacto: 986 212 084<\/span><\/p>\n<p><span style=\"color: #ffffff;\">Email de contacto: eporto@qoque.com<\/span><span class=\"blanc-space ng-binding\"><\/span><\/p>\n<h3>II. T\u00c9RMINOS Y CONDICIONES GENERALES DE USO<\/h3>\n<h4>El objeto de las condiciones: El Sitio Web<\/h4>\n<p><span style=\"color: #ffffff;\">El objeto de las presentes Condiciones Generales de Uso (en adelante, Condiciones) es regular el acceso y la utilizaci\u00f3n del Sitio Web. A los efectos de las presentes Condiciones se entender\u00e1 como Sitio Web: la apariencia externa de los interfaces de pantalla, tanto de forma est\u00e1tica como de forma din\u00e1mica, es decir, el \u00e1rbol de navegaci\u00f3n; y todos los elementos integrados tanto en los interfaces de pantalla como en el \u00e1rbol de navegaci\u00f3n (en adelante, Contenidos) y todos aquellos servicios o recursos en l\u00ednea que en su caso ofrezca a los Usuarios (en adelante, Servicios).<\/span><\/p>\n<p><span style=\"color: #ffffff;\"><span class=\"blanc-space ng-binding\">Argafish<\/span>\u00a0se reserva la facultad de modificar, en cualquier momento, y sin aviso previo, la presentaci\u00f3n y configuraci\u00f3n del Sitio Web y de los Contenidos y Servicios que en \u00e9l pudieran estar incorporados. El Usuario reconoce y acepta que en cualquier momento\u00a0<span class=\"blanc-space ng-binding\">Argafish<\/span>\u00a0pueda interrumpir, desactivar y\/o cancelar cualquiera de estos elementos que se integran en el Sitio Web o el acceso a los mismos.<\/span><\/p>\n<p ng-show=\"data.accesoLibre == 'S\u00ed'\"><span style=\"color: #ffffff;\">El acceso al Sitio Web por el Usuario tiene car\u00e1cter libre y, por regla general, es gratuito sin que el Usuario tenga que proporcionar una contraprestaci\u00f3n para poder disfrutar de ello, salvo en lo relativo al coste de conexi\u00f3n a trav\u00e9s de la red de telecomunicaciones suministrada por el proveedor de acceso que hubiere contratado el Usuario.<\/span><\/p>\n<p ng-show=\"data.registroLibre == 'No'\" class=\"\"><span style=\"color: #ffffff;\">La utilizaci\u00f3n de los Contenidos no requiere previa suscripci\u00f3n o registro alguno.<\/span><\/p>\n<h4>El Usuario<\/h4>\n<p><span style=\"color: #ffffff;\">El acceso, la navegaci\u00f3n y uso del Sitio Web, confiere la condici\u00f3n de Usuario, por lo que se aceptan, desde que se inicia la navegaci\u00f3n por el Sitio Web, todas las Condiciones aqu\u00ed establecidas, as\u00ed como sus ulteriores modificaciones, sin perjuicio de la aplicaci\u00f3n de la correspondiente normativa legal de obligado cumplimiento seg\u00fan el caso. Dada la relevancia de lo anterior, se recomienda al Usuario leerlas cada vez que visite el Sitio Web.<\/span><\/p>\n<p><span style=\"color: #ffffff;\">El Sitio Web de <span class=\"blanc-space ng-binding\">Argafish<\/span>\u00a0proporciona gran diversidad de informaci\u00f3n, servicios y datos. El Usuario asume su responsabilidad para realizar un uso correcto del Sitio Web. Esta responsabilidad se extender\u00e1 a:<\/span><\/p>\n<ul>\n<li><span style=\"color: #ffffff;\">Un uso de la informaci\u00f3n, Contenidos y\/o Servicios y datos ofrecidos por\u00a0<span class=\"blanc-space ng-binding\">Argafish<\/span>\u00a0sin que sea contrario a lo dispuesto por las presentes Condiciones, la Ley, la moral o el orden p\u00fablico, o que de cualquier otro modo puedan suponer lesi\u00f3n de los derechos de terceros o del mismo funcionamiento del Sitio Web.<\/span><\/li>\n<li><span style=\"color: #ffffff;\">La veracidad y licitud de las informaciones aportadas por el Usuario en los formularios extendidos por <span class=\"blanc-space ng-binding\">Argafish<\/span>\u00a0para el acceso a ciertos Contenidos o Servicios ofrecidos por el Sitio Web. En todo caso, el Usuario notificar\u00e1 de forma inmediata a <span class=\"blanc-space ng-binding\">Argafish<\/span>\u00a0acerca de cualquier hecho que permita el uso indebido de la informaci\u00f3n registrada en dichos formularios, tales como, pero no s\u00f3lo, el robo, extrav\u00edo, o el acceso no autorizado a identificadores y\/o contrase\u00f1as, con el fin de proceder a su inmediata cancelaci\u00f3n.<\/span><\/li>\n<\/ul>\n<p><span style=\"color: #ffffff;\">El mero acceso a este Sitio Web no supone entablar ning\u00fan tipo de relaci\u00f3n de car\u00e1cter comercial entre <span class=\"blanc-space ng-binding\">Argafish <\/span>y el Usuario.<\/span><\/p>\n<p ng-show=\"data.mayorEdad == 'No'\" class=\"\"><span style=\"color: #ffffff;\">Siempre en el respeto de la legislaci\u00f3n vigente, este Sitio Web de <span class=\"blanc-space ng-binding\">Argafish <\/span>se dirige a todas las personas, sin importar su edad, que puedan acceder y\/o navegar por las p\u00e1ginas del Sitio Web.<\/span><\/p>\n<h3>III. ACCESO Y NAVEGACI\u00d3N EN EL SITIO WEB: EXCLUSI\u00d3N DE GARANT\u00cdAS Y RESPONSABILIDAD<\/h3>\n<p><span style=\"color: #ffffff;\"><span class=\"blanc-space ng-binding\">Argafish<\/span> no garantiza la continuidad, disponibilidad y utilidad del Sitio Web, ni de los Contenidos o Servicios. <span class=\"blanc-space ng-binding\">Argafish <\/span>har\u00e1 todo lo posible por el buen funcionamiento del Sitio Web, sin embargo, no se responsabiliza ni garantiza que el acceso a este Sitio Web no vaya a ser ininterrumpido o que est\u00e9 libre de error.<\/span><\/p>\n<p><span style=\"color: #ffffff;\">Tampoco se responsabiliza o garantiza que el contenido o software al que pueda accederse a trav\u00e9s de este Sitio Web, est\u00e9 libre de error o cause un da\u00f1o al sistema inform\u00e1tico (software y hardware) del Usuario. En ning\u00fan caso <span class=\"blanc-space ng-binding\">Argafish <\/span>ser\u00e1 responsable por las p\u00e9rdidas, da\u00f1os o perjuicios de cualquier tipo que surjan por el acceso, navegaci\u00f3n y el uso del Sitio Web, incluy\u00e9ndose, pero no limit\u00e1ndose, a los ocasionados a los sistemas inform\u00e1ticos o los provocados por la introducci\u00f3n de virus.<\/span><\/p>\n<p><span style=\"color: #ffffff;\">Argafish tampoco se hace responsable de los da\u00f1os que pudiesen ocasionarse a los usuarios por un uso inadecuado de este Sitio Web. En particular, no se hace responsable en modo alguno de las ca\u00eddas, interrupciones, falta o defecto de las telecomunicaciones que pudieran ocurrir.<\/span><\/p>\n<h3>IV. POL\u00cdTICA DE ENLACES<\/h3>\n<p ng-show=\"data.enlacesTerceros == 'S\u00ed'\"><span style=\"color: #ffffff;\">Se informa que el Sitio Web de <span class=\"blanc-space ng-binding\">Argafish <\/span>pone o puede poner a disposici\u00f3n de los Usuarios medios de enlace (como, entre otros, links, banners, botones), directorios y motores de b\u00fasqueda que permiten a los Usuarios acceder a sitios web pertenecientes y\/o gestionados por terceros.<\/span><\/p>\n<p ng-show=\"data.enlacesTerceros == 'S\u00ed'\"><span style=\"color: #ffffff;\">La instalaci\u00f3n de estos enlaces, directorios y motores de b\u00fasqueda en el Sitio Web tiene por objeto facilitar a los Usuarios la b\u00fasqueda de y acceso a la informaci\u00f3n disponible en Internet, sin que pueda considerarse una sugerencia, recomendaci\u00f3n o invitaci\u00f3n para la visita de los mismos.<\/span><\/p>\n<p ng-show=\"data.enlacesTerceros == 'S\u00ed' &amp;&amp; data.enlacesAfiliacion == 'No'\"><span style=\"color: #ffffff;\"><span class=\"blanc-space ng-binding\">Argafish<\/span> no ofrece ni comercializa por s\u00ed ni por medio de terceros los productos y\/o servicios disponibles en dichos sitios enlazados.<\/span><\/p>\n<p ng-show=\"data.enlacesTerceros == 'S\u00ed'\"><span style=\"color: #ffffff;\">Asimismo, tampoco garantizar\u00e1 la disponibilidad t\u00e9cnica, exactitud, veracidad, validez o legalidad de sitios ajenos a su propiedad a los que se pueda acceder por medio de los enlaces.<\/span><\/p>\n<p ng-show=\"data.enlacesTerceros == 'S\u00ed'\"><span style=\"color: #ffffff;\"><span class=\"blanc-space ng-binding\">Argafish<\/span> en ning\u00fan caso revisar\u00e1 o controlar\u00e1 el contenido de otros sitios web, as\u00ed como tampoco aprueba, examina ni hace propios los productos y servicios, contenidos, archivos y cualquier otro material existente en los referidos sitios enlazados.<\/span><\/p>\n<p ng-show=\"data.enlacesTerceros == 'S\u00ed'\"><span style=\"color: #ffffff;\"><span class=\"blanc-space ng-binding\">Argafosh<\/span>\u00a0no asume ninguna responsabilidad por los da\u00f1os y perjuicios que pudieran producirse por el acceso, uso, calidad o licitud de los contenidos, comunicaciones, opiniones, productos y servicios de los sitios web no gestionados por <span class=\"blanc-space ng-binding\">Argafish <\/span>y que sean enlazados en este Sitio Web.<\/span><\/p>\n<p><span style=\"color: #ffffff;\">El Usuario o tercero que realice un hiperv\u00ednculo desde una p\u00e1gina web de otro, distinto, sitio web al Sitio Web de <span class=\"blanc-space ng-binding\">Argafish <\/span>deber\u00e1 saber que:<\/span><\/p>\n<p><span style=\"color: #ffffff;\">No se permite la reproducci\u00f3n \u2014total o parcialmente\u2014 de ninguno de los Contenidos y\/o Servicios del Sitio Web sin autorizaci\u00f3n expresa de <span class=\"blanc-space ng-binding\">Argafish<\/span>.<\/span><\/p>\n<p><span style=\"color: #ffffff;\">No se permite tampoco ninguna manifestaci\u00f3n falsa, inexacta o incorrecta sobre el Sitio Web de <span class=\"blanc-space ng-binding\">Argafish<\/span>, ni sobre los Contenidos y\/o Servicios del mismo.<\/span><\/p>\n<p><span style=\"color: #ffffff;\">A excepci\u00f3n del hiperv\u00ednculo, el sitio web en el que se establezca dicho hiperenlace no contendr\u00e1 ning\u00fan elemento, de este Sitio Web, protegido como propiedad intelectual por el ordenamiento jur\u00eddico espa\u00f1ol, salvo autorizaci\u00f3n expresa de <span class=\"blanc-space ng-binding\">Argafish<\/span>.<\/span><\/p>\n<p><span style=\"color: #ffffff;\">El establecimiento del hiperv\u00ednculo no implicar\u00e1 la existencia de relaciones entre <span class=\"blanc-space ng-binding\">Argafish <\/span>y el titular del sitio web desde el cual se realice, ni el conocimiento y aceptaci\u00f3n de <span class=\"blanc-space ng-binding\">Argafish <\/span>de los contenidos, servicios y\/o actividades ofrecidos en dicho sitio web, y viceversa.<\/span><\/p>\n<h3>V. PROPIEDAD INTELECTUAL E INDUSTRIAL<\/h3>\n<p><span style=\"color: #ffffff;\"><span class=\"blanc-space ng-binding\">Argafish<\/span> por s\u00ed o como parte cesionaria, es titular de todos los derechos de propiedad intelectual e industrial del Sitio Web, as\u00ed como de los elementos contenidos en el mismo (a t\u00edtulo enunciativo y no exhaustivo, im\u00e1genes, sonido, audio, v\u00eddeo, software o textos, marcas o logotipos, combinaciones de colores, estructura y dise\u00f1o, selecci\u00f3n de materiales usados, programas de ordenador necesarios para su funcionamiento, acceso y uso, etc.). Ser\u00e1n, por consiguiente, obras protegidas como propiedad intelectual por el ordenamiento jur\u00eddico espa\u00f1ol, si\u00e9ndoles aplicables tanto la normativa espa\u00f1ola y comunitaria en este campo, como los tratados internacionales relativos a la materia y suscritos por Espa\u00f1a.<\/span><\/p>\n<p><span style=\"color: #ffffff;\">Todos los derechos reservados. En virtud de lo dispuesto en la Ley de Propiedad Intelectual, quedan expresamente prohibidas la reproducci\u00f3n, la distribuci\u00f3n y la comunicaci\u00f3n p\u00fablica, incluida su modalidad de puesta a disposici\u00f3n, de la totalidad o parte de los contenidos de esta p\u00e1gina web, con fines comerciales, en cualquier soporte y por cualquier medio t\u00e9cnico, sin la autorizaci\u00f3n de <span class=\"blanc-space ng-binding\">Argafish<\/span>.<\/span><\/p>\n<p><span style=\"color: #ffffff;\">El Usuario se compromete a respetar los derechos de propiedad intelectual e industrial de <span class=\"blanc-space ng-binding\">Argafish<\/span>. Podr\u00e1 visualizar los elementos del Sitio Web o incluso imprimirlos, copiarlos y almacenarlos en el disco duro de su ordenador o en cualquier otro soporte f\u00edsico siempre y cuando sea, exclusivamente, para su uso personal. El Usuario, sin embargo, no podr\u00e1 suprimir, alterar, o manipular cualquier dispositivo de protecci\u00f3n o sistema de seguridad que estuviera instalado en el Sitio Web.<\/span><\/p>\n<p><span style=\"color: #ffffff;\">En caso de que el Usuario o tercero considere que cualquiera de los Contenidos del Sitio Web suponga una violaci\u00f3n de los derechos de protecci\u00f3n de la propiedad intelectual, deber\u00e1 comunicarlo inmediatamente a <span class=\"blanc-space ng-binding\">Argafish<\/span>\u00a0a trav\u00e9s de los datos de contacto del apartado de INFORMACI\u00d3N GENERAL de este Aviso Legal y Condiciones Generales de Uso.<\/span><\/p>\n<h3>VI. ACCIONES LEGALES, LEGISLACI\u00d3N APLICABLE Y JURISDICCI\u00d3N<\/h3>\n<p><span style=\"color: #ffffff;\"><span class=\"blanc-space ng-binding\">Argafish<\/span> se reserva la facultad de presentar las acciones civiles o penales que considere necesarias por la utilizaci\u00f3n indebida del Sitio Web y Contenidos, o por el incumplimiento de las presentes Condiciones.<\/span><\/p>\n<p><span style=\"color: #ffffff;\">La relaci\u00f3n entre el Usuario y <span class=\"blanc-space ng-binding\">Argafish <\/span>se regir\u00e1 por la normativa vigente y de aplicaci\u00f3n en el territorio espa\u00f1ol. De surgir cualquier controversia en relaci\u00f3n con la interpretaci\u00f3n y\/o a la aplicaci\u00f3n de estas Condiciones las partes someter\u00e1n sus conflictos a la jurisdicci\u00f3n ordinaria someti\u00e9ndose a los jueces y tribunales que correspondan conforme a derecho.<\/span><\/p>\n<\/div>\n<p>[\/et_pb_text][\/et_pb_column][\/et_pb_row][\/et_pb_section]<\/p>","protected":false},"excerpt":{"rendered":"<p>www.argafish.com I. INFORMACI\u00d3N GENERAL En cumplimiento con el deber de informaci\u00f3n dispuesto en la Ley 34\/2002 de Servicios de la Sociedad de la Informaci\u00f3n y el Comercio Electr\u00f3nico (LSSI-CE) de 11 de julio, se facilitan a continuaci\u00f3n los siguientes datos de informaci\u00f3n general de este sitio web: La titularidad de este sitio web,\u00a0www.argafish.com, (en adelante, [&hellip;]<\/p>","protected":false},"author":2,"featured_media":0,"parent":0,"menu_order":0,"comment_status":"closed","ping_status":"closed","template":"","meta":{"_et_pb_use_builder":"on","_et_pb_old_content":"<!-- wp:paragraph -->\n<p>This is an example page. It's different from a blog post because it will stay in one place and will show up in your site navigation (in most themes). Most people start with an About page that introduces them to potential site visitors. It might say something like this:<\/p>\n<!-- \/wp:paragraph -->\n\n<!-- wp:quote -->\n<blockquote class=\"wp-block-quote\"><p>Hi there! I'm a bike messenger by day, aspiring actor by night, and this is my website. I live in Los Angeles, have a great dog named Jack, and I like pi\u00f1a coladas. (And gettin' caught in the rain.)<\/p><\/blockquote>\n<!-- \/wp:quote -->\n\n<!-- wp:paragraph -->\n<p>...or something like this:<\/p>\n<!-- \/wp:paragraph -->\n\n<!-- wp:quote -->\n<blockquote class=\"wp-block-quote\"><p>The XYZ Doohickey Company was founded in 1971, and has been providing quality doohickeys to the public ever since. Located in Gotham City, XYZ employs over 2,000 people and does all kinds of awesome things for the Gotham community.<\/p><\/blockquote>\n<!-- \/wp:quote -->\n\n<!-- wp:paragraph -->\n<p>As a new WordPress user, you should go to <a href=\"https:\/\/argafish.com\/wp-admin\/\">your dashboard<\/a> to delete this page and create new pages for your content. Have fun!<\/p>\n<!-- \/wp:paragraph -->","_et_gb_content_width":"","inline_featured_image":false,"footnotes":""},"class_list":["post-2","page","type-page","status-publish","hentry"],"yoast_head":"<!-- This site is optimized with the Yoast SEO plugin v26.9 - https:\/\/yoast.com\/product\/yoast-seo-wordpress\/ -->\n<title>Aviso legal - Argafish<\/title>\n<meta name=\"robots\" content=\"index, follow, max-snippet:-1, max-image-preview:large, max-video-preview:-1\" \/>\n<link rel=\"canonical\" href=\"https:\/\/argafish.com\/en\/aviso-legal\/\" \/>\n<meta property=\"og:locale\" content=\"en_GB\" \/>\n<meta property=\"og:type\" content=\"article\" \/>\n<meta property=\"og:title\" content=\"Aviso legal - Argafish\" \/>\n<meta property=\"og:description\" content=\"www.argafish.com I. INFORMACI\u00d3N GENERAL En cumplimiento con el deber de informaci\u00f3n dispuesto en la Ley 34\/2002 de Servicios de la Sociedad de la Informaci\u00f3n y el Comercio Electr\u00f3nico (LSSI-CE) de 11 de julio, se facilitan a continuaci\u00f3n los siguientes datos de informaci\u00f3n general de este sitio web: La titularidad de este sitio web,\u00a0www.argafish.com, (en adelante, [&hellip;]\" \/>\n<meta property=\"og:url\" content=\"https:\/\/argafish.com\/en\/aviso-legal\/\" \/>\n<meta property=\"og:site_name\" content=\"Argafish\" \/>\n<meta property=\"article:modified_time\" content=\"2025-10-02T16:33:31+00:00\" \/>\n<meta property=\"og:image\" content=\"https:\/\/argafish.com\/wp-content\/uploads\/2023\/11\/logo-Argafish.jpg\" \/>\n\t<meta property=\"og:image:width\" content=\"2009\" \/>\n\t<meta property=\"og:image:height\" content=\"736\" \/>\n\t<meta property=\"og:image:type\" content=\"image\/jpeg\" \/>\n<meta name=\"twitter:card\" content=\"summary_large_image\" \/>\n<meta name=\"twitter:label1\" content=\"Estimated reading time\" \/>\n\t<meta name=\"twitter:data1\" content=\"9 minutes\" \/>\n<script type=\"application\/ld+json\" class=\"yoast-schema-graph\">{\"@context\":\"https:\/\/schema.org\",\"@graph\":[{\"@type\":\"WebPage\",\"@id\":\"https:\/\/argafish.com\/aviso-legal\",\"url\":\"https:\/\/argafish.com\/aviso-legal\",\"name\":\"Aviso legal - Argafish\",\"isPartOf\":{\"@id\":\"https:\/\/argafish.com\/#website\"},\"datePublished\":\"2022-04-22T09:18:11+00:00\",\"dateModified\":\"2025-10-02T16:33:31+00:00\",\"breadcrumb\":{\"@id\":\"https:\/\/argafish.com\/aviso-legal#breadcrumb\"},\"inLanguage\":\"en-GB\",\"potentialAction\":[{\"@type\":\"ReadAction\",\"target\":[\"https:\/\/argafish.com\/aviso-legal\"]}]},{\"@type\":\"BreadcrumbList\",\"@id\":\"https:\/\/argafish.com\/aviso-legal#breadcrumb\",\"itemListElement\":[{\"@type\":\"ListItem\",\"position\":1,\"name\":\"Portada\",\"item\":\"https:\/\/argafish.com\/\"},{\"@type\":\"ListItem\",\"position\":2,\"name\":\"Aviso legal\"}]},{\"@type\":\"WebSite\",\"@id\":\"https:\/\/argafish.com\/#website\",\"url\":\"https:\/\/argafish.com\/\",\"name\":\"Argafish - Fish & Seafood Trading\",\"description\":\"Especialistas en la elaboraci\u00f3n y comercializaci\u00f3n de productos de pescado de origen argentino\",\"publisher\":{\"@id\":\"https:\/\/argafish.com\/#organization\"},\"alternateName\":\"Argafish\",\"potentialAction\":[{\"@type\":\"SearchAction\",\"target\":{\"@type\":\"EntryPoint\",\"urlTemplate\":\"https:\/\/argafish.com\/?s={search_term_string}\"},\"query-input\":{\"@type\":\"PropertyValueSpecification\",\"valueRequired\":true,\"valueName\":\"search_term_string\"}}],\"inLanguage\":\"en-GB\"},{\"@type\":\"Organization\",\"@id\":\"https:\/\/argafish.com\/#organization\",\"name\":\"Argafish\",\"url\":\"https:\/\/argafish.com\/\",\"logo\":{\"@type\":\"ImageObject\",\"inLanguage\":\"en-GB\",\"@id\":\"https:\/\/argafish.com\/#\/schema\/logo\/image\/\",\"url\":\"https:\/\/argafish.com\/wp-content\/uploads\/2023\/11\/logo-Argafish.jpg\",\"contentUrl\":\"https:\/\/argafish.com\/wp-content\/uploads\/2023\/11\/logo-Argafish.jpg\",\"width\":2009,\"height\":736,\"caption\":\"Argafish\"},\"image\":{\"@id\":\"https:\/\/argafish.com\/#\/schema\/logo\/image\/\"}}]}<\/script>\n<!-- \/ Yoast SEO plugin. -->","yoast_head_json":{"title":"Aviso legal - Argafish","robots":{"index":"index","follow":"follow","max-snippet":"max-snippet:-1","max-image-preview":"max-image-preview:large","max-video-preview":"max-video-preview:-1"},"canonical":"https:\/\/argafish.com\/en\/aviso-legal\/","og_locale":"en_GB","og_type":"article","og_title":"Aviso legal - Argafish","og_description":"www.argafish.com I. INFORMACI\u00d3N GENERAL En cumplimiento con el deber de informaci\u00f3n dispuesto en la Ley 34\/2002 de Servicios de la Sociedad de la Informaci\u00f3n y el Comercio Electr\u00f3nico (LSSI-CE) de 11 de julio, se facilitan a continuaci\u00f3n los siguientes datos de informaci\u00f3n general de este sitio web: La titularidad de este sitio web,\u00a0www.argafish.com, (en adelante, [&hellip;]","og_url":"https:\/\/argafish.com\/en\/aviso-legal\/","og_site_name":"Argafish","article_modified_time":"2025-10-02T16:33:31+00:00","og_image":[{"width":2009,"height":736,"url":"https:\/\/argafish.com\/wp-content\/uploads\/2023\/11\/logo-Argafish.jpg","type":"image\/jpeg"}],"twitter_card":"summary_large_image","twitter_misc":{"Estimated reading time":"9 minutes"},"schema":{"@context":"https:\/\/schema.org","@graph":[{"@type":"WebPage","@id":"https:\/\/argafish.com\/aviso-legal","url":"https:\/\/argafish.com\/aviso-legal","name":"Aviso legal - Argafish","isPartOf":{"@id":"https:\/\/argafish.com\/#website"},"datePublished":"2022-04-22T09:18:11+00:00","dateModified":"2025-10-02T16:33:31+00:00","breadcrumb":{"@id":"https:\/\/argafish.com\/aviso-legal#breadcrumb"},"inLanguage":"en-GB","potentialAction":[{"@type":"ReadAction","target":["https:\/\/argafish.com\/aviso-legal"]}]},{"@type":"BreadcrumbList","@id":"https:\/\/argafish.com\/aviso-legal#breadcrumb","itemListElement":[{"@type":"ListItem","position":1,"name":"Portada","item":"https:\/\/argafish.com\/"},{"@type":"ListItem","position":2,"name":"Aviso legal"}]},{"@type":"WebSite","@id":"https:\/\/argafish.com\/#website","url":"https:\/\/argafish.com\/","name":"Argafish - Fish & Seafood Trading","description":"Especialistas en la elaboraci\u00f3n y comercializaci\u00f3n de productos de pescado de origen argentino","publisher":{"@id":"https:\/\/argafish.com\/#organization"},"alternateName":"Argafish","potentialAction":[{"@type":"SearchAction","target":{"@type":"EntryPoint","urlTemplate":"https:\/\/argafish.com\/?s={search_term_string}"},"query-input":{"@type":"PropertyValueSpecification","valueRequired":true,"valueName":"search_term_string"}}],"inLanguage":"en-GB"},{"@type":"Organization","@id":"https:\/\/argafish.com\/#organization","name":"Argafish","url":"https:\/\/argafish.com\/","logo":{"@type":"ImageObject","inLanguage":"en-GB","@id":"https:\/\/argafish.com\/#\/schema\/logo\/image\/","url":"https:\/\/argafish.com\/wp-content\/uploads\/2023\/11\/logo-Argafish.jpg","contentUrl":"https:\/\/argafish.com\/wp-content\/uploads\/2023\/11\/logo-Argafish.jpg","width":2009,"height":736,"caption":"Argafish"},"image":{"@id":"https:\/\/argafish.com\/#\/schema\/logo\/image\/"}}]}},"_links":{"self":[{"href":"https:\/\/argafish.com\/en\/wp-json\/wp\/v2\/pages\/2","targetHints":{"allow":["GET"]}}],"collection":[{"href":"https:\/\/argafish.com\/en\/wp-json\/wp\/v2\/pages"}],"about":[{"href":"https:\/\/argafish.com\/en\/wp-json\/wp\/v2\/types\/page"}],"author":[{"embeddable":true,"href":"https:\/\/argafish.com\/en\/wp-json\/wp\/v2\/users\/2"}],"replies":[{"embeddable":true,"href":"https:\/\/argafish.com\/en\/wp-json\/wp\/v2\/comments?post=2"}],"version-history":[{"count":7,"href":"https:\/\/argafish.com\/en\/wp-json\/wp\/v2\/pages\/2\/revisions"}],"predecessor-version":[{"id":274,"href":"https:\/\/argafish.com\/en\/wp-json\/wp\/v2\/pages\/2\/revisions\/274"}],"wp:attachment":[{"href":"https:\/\/argafish.com\/en\/wp-json\/wp\/v2\/media?parent=2"}],"curies":[{"name":"wp","href":"https:\/\/api.w.org\/{rel}","templated":true}]}}